{"id":296,"date":"2024-09-05T13:17:29","date_gmt":"2024-09-05T11:17:29","guid":{"rendered":"https:\/\/www.libre-envie.com\/?page_id=296"},"modified":"2026-04-09T13:12:28","modified_gmt":"2026-04-09T11:12:28","slug":"comment-se-deroule-une-seance","status":"publish","type":"page","link":"https:\/\/www.libre-envie.com\/index.php\/comment-se-deroule-une-seance\/","title":{"rendered":"Comment se d\u00e9roule une s\u00e9ance de kin\u00e9siologie ?"},"content":{"rendered":"\n<div class=\"wp-block-cover has-parallax ona-hero\" style=\"min-height:67vh;aspect-ratio:unset;\"><div class=\"wp-block-cover__image-background wp-image-314 has-parallax\" style=\"background-position:50% 50%;background-image:url(https:\/\/www.libre-envie.com\/wp-content\/uploads\/2024\/07\/Photo-nature.jpg)\"><\/div><span aria-hidden=\"true\" class=\"wp-block-cover__background has-background-dim-30 has-background-dim\" style=\"background-color:#668259\"><\/span><div class=\"wp-block-cover__inner-container is-layout-flow wp-block-cover-is-layout-flow\">\n<div class=\"wp-block-group is-layout-constrained wp-container-core-group-is-layout-7bec18b8 wp-block-group-is-layout-constrained\">\n<h1 class=\"wp-block-heading has-text-align-center has-background-color has-text-color has-x-large-font-size\" id=\"hello-i-m-ona-and-this-is-my-personal-travel-journal\">Comment se d\u00e9roule une s\u00e9ance de kin\u00e9siologie ?<\/h1>\n<\/div>\n<\/div><\/div>\n\n\n\n<div style=\"height:11px\" aria-hidden=\"true\" class=\"wp-block-spacer\"><\/div>\n\n\n\n<h2 class=\"wp-block-heading\">Accueil<\/h2>\n\n\n\n<p>Une s\u00e9ance commence toujours par un temps d\u2019accueil.<\/p>\n\n\n\n<p>Pour avoir v\u00e9cu une premi\u00e8re s\u00e9ance de kin\u00e9siologie surprenante, je sais combien le dialogue avec un.e kin\u00e9siologue peut \u00eatre important avant de rentrer dans le vif du sujet. Pour mieux comprendre ce qui va suivre, faire connaissance avec la personne qui va nous accompagner, et se sentir plus \u00e0 l\u2019aise.<\/p>\n\n\n\n<p>Aussi, si vous n\u2019avez jamais v\u00e9cu de s\u00e9ance de kin\u00e9siologie, j\u2019aime bien prendre le temps d\u2019expliquer en quoi consiste cette approche, comment va se d\u00e9rouler la s\u00e9ance, et recueillir vos premi\u00e8res impressions.<\/p>\n\n\n\n<p>Puis, je vous propose d\u2019aborder ce qui vous am\u00e8ne \u00e0 consulter : stress, anxi\u00e9t\u00e9, insomnie, douleur, trop-plein \u00e9motionnel, peur du changement &#8230; Tous les sujets que vous souhaitez \u00e9voquer sont les bienvenus.<\/p>\n\n\n\n<p>Sentez-vous \u00e9galement libre de garder certaines choses confidentielles. Il me semble essentiel de respecter votre rythme et votre jardin secret.<\/p>\n\n\n\n<h2 class=\"wp-block-heading\">Exploration de la probl\u00e9matique &amp; R\u00e9-\u00e9quilibrage<\/h2>\n\n\n\n<p>Puis, ensemble, nous partons en exploration :<\/p>\n\n\n\n<ul class=\"wp-block-list\">\n<li>Qu\u2019a enregistr\u00e9 votre corps ?<\/li>\n\n\n\n<li>Quelles \u00e9motions se cachent derri\u00e8re d\u2019\u00e9ventuelles douleurs ?<\/li>\n\n\n\n<li>Quelles peurs sont \u00e0 l\u2019\u0153uvre derri\u00e8re vos insomnies ou votre anxi\u00e9t\u00e9 ?<\/li>\n\n\n\n<li>Quelles croyances freinent votre d\u00e9veloppement personnel ou professionnel ?<\/li>\n<\/ul>\n\n\n\n<p>Notre corps se souvient de tout ce que nous avons travers\u00e9 depuis notre conception. Il est une v\u00e9ritable mine d\u2019or d\u2019informations. Je l\u2019interroge gr\u00e2ce au test musculaire (qui consiste en une l\u00e9g\u00e8re pression appliqu\u00e9e sur le poignet), mais aussi de mani\u00e8re plus subtile gr\u00e2ce \u00e0 l\u2019intuition. <\/p>\n\n\n\n<p>Ensemble, nous embarquons \u00e0 bord d\u2019un voyage int\u00e9rieur pour identifier la source de vos d\u00e9s\u00e9quilibres. \u00c0 l\u2019image d\u2019une chasse au tr\u00e9sor, nous cherchons les indices qui permettront de comprendre le ou les sch\u00e9mas inconscients \u00e0 l\u2019\u0153uvre. Je dispose de diff\u00e9rents outils pour mener cette enqu\u00eate : liste d\u2019\u00e9motions, m\u00e9ridiens, livres, aires c\u00e9r\u00e9brales, relations, symboles, musiques&#8230;<\/p>\n\n\n\n<p>Il suffit parfois d\u2019un mot ou d\u2019un \u00e9l\u00e9ment pour provoquer une prise de conscience et acc\u00e9der au prochain niveau.<\/p>\n\n\n\n<p>L\u2019essentiel de la s\u00e9ance consiste \u00e0 identifier des informations permettant de retracer l\u2019origine de vos d\u00e9s\u00e9quilibres. C\u2019est ainsi que vous reprenez peu \u00e0 peu les commandes de votre vie.<\/p>\n\n\n\n<p>Ce processus est renforc\u00e9 par ce que nous appelons une \u00e9quilibration : un protocole de m\u00e9decine chinoise, une visualisation, des mouvements oculaires, une m\u00e9thode \u00e9nerg\u00e9tique&#8230;<\/p>\n\n\n\n<p>L&rsquo;\u00e9quilibration agit comme un coup de balai, pour nettoyer d\u00e9finitivement ce que nous avons vu ensemble en s\u00e9ance, et faire place nette pour plus de s\u00e9r\u00e9nit\u00e9, de douceur, de mieux-\u00eatre.<\/p>\n\n\n\n<p>C\u2019est ainsi que se termine la partie pratique de la s\u00e9ance.<\/p>\n\n\n\n<h2 class=\"wp-block-heading\">Temps d&rsquo;\u00e9change<\/h2>\n\n\n\n<p>Je vous propose ensuite un temps d\u2019\u00e9change, pour r\u00e9capituler ce qui a \u00e9t\u00e9 vu au cours de la s\u00e9ance, r\u00e9pondre \u00e0 vos interrogations, et recueillir vos impressions. <\/p>\n\n\n\n<p>J\u2019aime enlever ma casquette de kin\u00e9siologue pour prendre celle de coach et mettre en lumi\u00e8re le chemin parcouru. Que ce soit une premi\u00e8re s\u00e9ance, ou un suivi, il y a de toujours des prises de conscience ou des avanc\u00e9es \u00e0 c\u00e9l\u00e9brer (qu\u2019elles soient petites ou grandes) !<\/p>\n\n\n\n<hr class=\"wp-block-separator has-text-color has-text-lighter-color has-alpha-channel-opacity has-text-lighter-background-color has-background\"\/>\n\n\n\n<h3 class=\"wp-block-heading\"><strong>Attention<\/strong><\/h3>\n\n\n\n<p>La kin\u00e9siologie ne remplace en aucun cas la m\u00e9decine. En cas de probl\u00e8me de sant\u00e9, il est primordial de consulter un professionnel de sant\u00e9 et de suivre les traitements prescrits.<\/p>\n\n\n\n<hr class=\"wp-block-separator has-text-color has-text-lighter-color has-alpha-channel-opacity has-text-lighter-background-color has-background\"\/>\n\n\n\n<div style=\"height:27px\" aria-hidden=\"true\" class=\"wp-block-spacer\"><\/div>\n","protected":false},"excerpt":{"rendered":"<p>Accueil Une s\u00e9ance commence toujours par un temps d\u2019accueil. Pour avoir v\u00e9cu une premi\u00e8re s\u00e9ance de kin\u00e9siologie surprenante, je sais combien le dialogue avec un.e kin\u00e9siologue peut \u00eatre important avant de rentrer dans le vif du sujet. Pour mieux comprendre ce qui va suivre, faire connaissance avec la personne qui va nous accompagner, et se [&hellip;]<\/p>\n","protected":false},"author":1,"featured_media":0,"parent":0,"menu_order":0,"comment_status":"closed","ping_status":"closed","template":"page-header-footer-only","meta":{"footnotes":""},"class_list":["post-296","page","type-page","status-publish","hentry"],"_links":{"self":[{"href":"https:\/\/www.libre-envie.com\/index.php\/wp-json\/wp\/v2\/pages\/296","targetHints":{"allow":["GET"]}}],"collection":[{"href":"https:\/\/www.libre-envie.com\/index.php\/wp-json\/wp\/v2\/pages"}],"about":[{"href":"https:\/\/www.libre-envie.com\/index.php\/wp-json\/wp\/v2\/types\/page"}],"author":[{"embeddable":true,"href":"https:\/\/www.libre-envie.com\/index.php\/wp-json\/wp\/v2\/users\/1"}],"replies":[{"embeddable":true,"href":"https:\/\/www.libre-envie.com\/index.php\/wp-json\/wp\/v2\/comments?post=296"}],"version-history":[{"count":14,"href":"https:\/\/www.libre-envie.com\/index.php\/wp-json\/wp\/v2\/pages\/296\/revisions"}],"predecessor-version":[{"id":413,"href":"https:\/\/www.libre-envie.com\/index.php\/wp-json\/wp\/v2\/pages\/296\/revisions\/413"}],"wp:attachment":[{"href":"https:\/\/www.libre-envie.com\/index.php\/wp-json\/wp\/v2\/media?parent=296"}],"curies":[{"name":"wp","href":"https:\/\/api.w.org\/{rel}","templated":true}]}}