{"id":69,"date":"2023-02-17T17:57:43","date_gmt":"2023-02-17T16:57:43","guid":{"rendered":"http:\/\/kdsbgyn.cluster027.hosting.ovh.net\/?page_id=69"},"modified":"2026-02-05T15:47:18","modified_gmt":"2026-02-05T14:47:18","slug":"informations-pratiques","status":"publish","type":"page","link":"https:\/\/www.libre-envie.com\/index.php\/informations-pratiques\/","title":{"rendered":"Infos pratiques"},"content":{"rendered":"\n<div class=\"wp-block-cover has-parallax ona-hero\" style=\"min-height:67vh;aspect-ratio:unset;\"><div class=\"wp-block-cover__image-background wp-image-314 has-parallax\" style=\"background-position:50% 50%;background-image:url(https:\/\/www.libre-envie.com\/wp-content\/uploads\/2024\/07\/Photo-nature.jpg)\"><\/div><span aria-hidden=\"true\" class=\"wp-block-cover__background has-background-dim-30 has-background-dim\" style=\"background-color:#668259\"><\/span><div class=\"wp-block-cover__inner-container is-layout-flow wp-block-cover-is-layout-flow\">\n<div class=\"wp-block-group is-layout-constrained wp-container-core-group-is-layout-7bec18b8 wp-block-group-is-layout-constrained\">\n<h1 class=\"wp-block-heading has-text-align-center has-background-color has-text-color has-x-large-font-size\" id=\"hello-i-m-ona-and-this-is-my-personal-travel-journal\">Informations pratiques<\/h1>\n<\/div>\n<\/div><\/div>\n\n\n\n<div style=\"height:13px\" aria-hidden=\"true\" class=\"wp-block-spacer\"><\/div>\n\n\n\n<h2 class=\"wp-block-heading\">O\u00f9 se d\u00e9roulent les s\u00e9ances ?<\/h2>\n\n\n\n<div class=\"wp-block-media-text is-stacked-on-mobile\" style=\"grid-template-columns:46% auto\"><figure class=\"wp-block-media-text__media\"><img loading=\"lazy\" decoding=\"async\" width=\"768\" height=\"1024\" src=\"https:\/\/www.libre-envie.com\/wp-content\/uploads\/2026\/02\/IMG_1160_min-768x1024.jpg\" alt=\"\" class=\"wp-image-386 size-full\" srcset=\"https:\/\/www.libre-envie.com\/wp-content\/uploads\/2026\/02\/IMG_1160_min-768x1024.jpg 768w, https:\/\/www.libre-envie.com\/wp-content\/uploads\/2026\/02\/IMG_1160_min-225x300.jpg 225w, https:\/\/www.libre-envie.com\/wp-content\/uploads\/2026\/02\/IMG_1160_min-1152x1536.jpg 1152w, https:\/\/www.libre-envie.com\/wp-content\/uploads\/2026\/02\/IMG_1160_min-1536x2048.jpg 1536w, https:\/\/www.libre-envie.com\/wp-content\/uploads\/2026\/02\/IMG_1160_min-1170x1560.jpg 1170w, https:\/\/www.libre-envie.com\/wp-content\/uploads\/2026\/02\/IMG_1160_min-scaled.jpg 1920w\" sizes=\"auto, (max-width: 768px) 100vw, 768px\" \/><\/figure><div class=\"wp-block-media-text__content\">\n<h4 class=\"wp-block-heading\">Kin\u00e9siologie \u00e0 Versailles<\/h4>\n\n\n\n<p>Je vous re\u00e7ois tous les mercredis &amp; samedis \u00e0 l&rsquo;adresse suivante :<\/p>\n\n\n\n<p><strong>Maison Amara, 16b Passage de la Ge\u00f4le, 78000 Versailles.<\/strong><\/p>\n<\/div><\/div>\n\n\n\n<div style=\"height:21px\" aria-hidden=\"true\" class=\"wp-block-spacer\"><\/div>\n\n\n\n<div class=\"wp-block-media-text has-media-on-the-right is-stacked-on-mobile\" style=\"grid-template-columns:auto 47%\"><div class=\"wp-block-media-text__content\">\n<h4 class=\"wp-block-heading\">Kin\u00e9siologie \u00e0 domicile<\/h4>\n\n\n\n<p>Je me d\u00e9place \u00e0 domicile les week-ends, \u00e0 Versailles &amp; dans les villes alentours . Merci de me contacter par t\u00e9l\u00e9phone ou par email pour ce type de rendez-vous.<\/p>\n<\/div><figure class=\"wp-block-media-text__media\"><img loading=\"lazy\" decoding=\"async\" width=\"852\" height=\"1024\" src=\"https:\/\/www.libre-envie.com\/wp-content\/uploads\/2023\/09\/Cabinet-Paris-carree-852x1024.jpeg\" alt=\"\" class=\"wp-image-213 size-full\" srcset=\"https:\/\/www.libre-envie.com\/wp-content\/uploads\/2023\/09\/Cabinet-Paris-carree-852x1024.jpeg 852w, https:\/\/www.libre-envie.com\/wp-content\/uploads\/2023\/09\/Cabinet-Paris-carree-250x300.jpeg 250w, https:\/\/www.libre-envie.com\/wp-content\/uploads\/2023\/09\/Cabinet-Paris-carree-768x923.jpeg 768w, https:\/\/www.libre-envie.com\/wp-content\/uploads\/2023\/09\/Cabinet-Paris-carree-1278x1536.jpeg 1278w, https:\/\/www.libre-envie.com\/wp-content\/uploads\/2023\/09\/Cabinet-Paris-carree.jpeg 1536w\" sizes=\"auto, (max-width: 852px) 100vw, 852px\" \/><\/figure><\/div>\n\n\n\n<div style=\"height:13px\" aria-hidden=\"true\" class=\"wp-block-spacer\"><\/div>\n\n\n\n<h2 class=\"wp-block-heading\">Comment se rendre au cabinet ?<\/h2>\n\n\n\n<h5 class=\"wp-block-heading\">Cabinet de versailles<\/h5>\n\n\n\n<p>Le cabinet se situe :<\/p>\n\n\n\n<ul class=\"wp-block-list\">\n<li>\u00c0 4 minutes \u00e0 pied de la gare Versailles Rive Droite &#8211; Ligne L depuis La D\u00e9fense ou Paris Saint-Lazare.<\/li>\n\n\n\n<li>\u00c0 quelques pas des lignes de bus desservant la place du march\u00e9, le boulevard de la Reine ou l&rsquo;avenue des \u00c9tats-Unis. <\/li>\n<\/ul>\n\n\n\n<h2 class=\"wp-block-heading\">\u00c0 qui s&rsquo;adresse la kin\u00e9siologie ?<\/h2>\n\n\n\n<p>La kin\u00e9siologie accompagne petits et grands : b\u00e9b\u00e9s, enfants, adultes.<\/p>\n\n\n\n<h2 class=\"wp-block-heading\">Quel est le rythme des s\u00e9ances ?<\/h2>\n\n\n\n<p>Selon la probl\u00e9matique, plusieurs s\u00e9ances de kin\u00e9siologie peuvent \u00eatre n\u00e9cessaires. Celles-ci sont g\u00e9n\u00e9ralement espac\u00e9e de 3 semaines \u00e0 1 mois.<\/p>\n\n\n\n<h2 class=\"wp-block-heading\">Quel est le tarif ?<\/h2>\n\n\n\n<p>Le prix des s\u00e9ances est de 90\u20ac. J&rsquo;accepte les r\u00e8glements en ch\u00e8que, par virement ou via Paylib.<\/p>\n\n\n\n<div style=\"height:60px\" aria-hidden=\"true\" class=\"wp-block-spacer\"><\/div>\n","protected":false},"excerpt":{"rendered":"<p>O\u00f9 se d\u00e9roulent les s\u00e9ances ? Kin\u00e9siologie \u00e0 Versailles Je vous re\u00e7ois tous les mercredis &amp; samedis \u00e0 l&rsquo;adresse suivante : Maison Amara, 16b Passage de la Ge\u00f4le, 78000 Versailles. Kin\u00e9siologie \u00e0 domicile Je me d\u00e9place \u00e0 domicile les week-ends, \u00e0 Versailles &amp; dans les villes alentours . Merci de me contacter par t\u00e9l\u00e9phone ou [&hellip;]<\/p>\n","protected":false},"author":1,"featured_media":0,"parent":0,"menu_order":0,"comment_status":"closed","ping_status":"closed","template":"page-header-footer-only","meta":{"footnotes":""},"class_list":["post-69","page","type-page","status-publish","hentry"],"_links":{"self":[{"href":"https:\/\/www.libre-envie.com\/index.php\/wp-json\/wp\/v2\/pages\/69","targetHints":{"allow":["GET"]}}],"collection":[{"href":"https:\/\/www.libre-envie.com\/index.php\/wp-json\/wp\/v2\/pages"}],"about":[{"href":"https:\/\/www.libre-envie.com\/index.php\/wp-json\/wp\/v2\/types\/page"}],"author":[{"embeddable":true,"href":"https:\/\/www.libre-envie.com\/index.php\/wp-json\/wp\/v2\/users\/1"}],"replies":[{"embeddable":true,"href":"https:\/\/www.libre-envie.com\/index.php\/wp-json\/wp\/v2\/comments?post=69"}],"version-history":[{"count":21,"href":"https:\/\/www.libre-envie.com\/index.php\/wp-json\/wp\/v2\/pages\/69\/revisions"}],"predecessor-version":[{"id":387,"href":"https:\/\/www.libre-envie.com\/index.php\/wp-json\/wp\/v2\/pages\/69\/revisions\/387"}],"wp:attachment":[{"href":"https:\/\/www.libre-envie.com\/index.php\/wp-json\/wp\/v2\/media?parent=69"}],"curies":[{"name":"wp","href":"https:\/\/api.w.org\/{rel}","templated":true}]}}